

{"id":136,"date":"2017-11-21T17:10:36","date_gmt":"2017-11-21T16:10:36","guid":{"rendered":"https:\/\/synchron17.inria.fr\/?page_id=136"},"modified":"2017-11-30T14:27:33","modified_gmt":"2017-11-30T13:27:33","slug":"programme","status":"publish","type":"page","link":"https:\/\/synchron17.inria.fr\/fr\/programme\/","title":{"rendered":"Programme"},"content":{"rendered":"<p><\/p>\n<p style=\"text-align: left;\"><strong>NB :<\/strong><em> Le programme n&rsquo;est disponible qu&rsquo;en anglais, du fait qu&rsquo;il est amen\u00e9 \u00e0 \u00eatre mis \u00e0 jour dynamiquement au cours de la semaine.<\/em><\/p>\n<p><\/p>","protected":false},"excerpt":{"rendered":"<p>NB : Le programme n&rsquo;est disponible qu&rsquo;en anglais, du fait qu&rsquo;il est amen\u00e9 \u00e0 \u00eatre mis \u00e0 jour dynamiquement au cours de la semaine.<\/p>\n<p> <a class=\"continue-reading-link\" href=\"https:\/\/synchron17.inria.fr\/fr\/programme\/\"><span>Continue reading<\/span><i class=\"crycon-right-dir\"><\/i><\/a> <\/p>\n","protected":false},"author":1256,"featured_media":0,"parent":0,"menu_order":0,"comment_status":"closed","ping_status":"closed","template":"","meta":{"footnotes":""},"class_list":["post-136","page","type-page","status-publish","hentry"],"_links":{"self":[{"href":"https:\/\/synchron17.inria.fr\/fr\/wp-json\/wp\/v2\/pages\/136","targetHints":{"allow":["GET"]}}],"collection":[{"href":"https:\/\/synchron17.inria.fr\/fr\/wp-json\/wp\/v2\/pages"}],"about":[{"href":"https:\/\/synchron17.inria.fr\/fr\/wp-json\/wp\/v2\/types\/page"}],"author":[{"embeddable":true,"href":"https:\/\/synchron17.inria.fr\/fr\/wp-json\/wp\/v2\/users\/1256"}],"replies":[{"embeddable":true,"href":"https:\/\/synchron17.inria.fr\/fr\/wp-json\/wp\/v2\/comments?post=136"}],"version-history":[{"count":49,"href":"https:\/\/synchron17.inria.fr\/fr\/wp-json\/wp\/v2\/pages\/136\/revisions"}],"predecessor-version":[{"id":198,"href":"https:\/\/synchron17.inria.fr\/fr\/wp-json\/wp\/v2\/pages\/136\/revisions\/198"}],"wp:attachment":[{"href":"https:\/\/synchron17.inria.fr\/fr\/wp-json\/wp\/v2\/media?parent=136"}],"curies":[{"name":"wp","href":"https:\/\/api.w.org\/{rel}","templated":true}]}}